{"id":118,"date":"2012-08-30T05:48:19","date_gmt":"2012-08-30T05:48:19","guid":{"rendered":"http:\/\/centrostern.com\/inicio\/?page_id=118"},"modified":"2012-10-06T02:04:02","modified_gmt":"2012-10-06T02:04:02","slug":"donde-estamos","status":"publish","type":"page","link":"http:\/\/centrostern.com\/inicio\/donde-estamos\/","title":{"rendered":"\u00bfD\u00f3nde estamos?"},"content":{"rendered":"<p><iframe loading=\"lazy\" width=\"900\" height=\"400\" frameborder=\"0\" scrolling=\"no\" marginheight=\"0\" marginwidth=\"0\" src=\"https:\/\/maps.google.com\/maps\/ms?msid=210798548614066916217.0004c9fc3787c45a1dad4&amp;msa=0&amp;ie=UTF8&amp;t=m&amp;ll=20.68579,-101.390162&amp;spn=0.023085,0.038581&amp;output=embed\"><\/iframe><br \/><small>Ver <a href=\"https:\/\/maps.google.com\/maps\/ms?msid=210798548614066916217.0004c9fc3787c45a1dad4&amp;msa=0&amp;ie=UTF8&amp;t=m&amp;ll=20.68579,-101.390162&amp;spn=0.023085,0.038581&amp;source=embed\" style=\"color:#0000FF;text-align:left\">Centro Stern, Oficinas en Renta<\/a> en un mapa ampliado<\/small><\/p>\n<div class=\"one_half\">\n<h5 style=\"text-align: left;\"><\/h5>\n<h5 style=\"text-align: left;\"><em><strong>Paseo de la Altiplanicie No. 11\u00a0<\/strong><\/em><\/h5>\n<h5 style=\"text-align: left;\"><em><strong><\/strong><\/em><em><strong>Fracc. Villas de Irapuato<\/strong><\/em><\/h5>\n<h5 style=\"text-align: left;\"><em><strong>Irapuato Gto.<\/strong><\/em><\/h5>\n<h5 style=\"text-align: left;\"><em><strong>M\u00e9xico<\/strong><\/em><\/h5>\n<h5 style=\"text-align: left;\"><em><strong>CP 36670<\/strong><\/em><\/h5>\n<p><\/div><div class=\"one_half column-last\"><\/p>\n<p><a class=\"large blue nice button radius\" href=\"http:\/\/centrostern.com\/inicio\/contacto\/\">Contacto<\/a><\/div><div class=\"clear\"><\/div><\/p>\n<p>&nbsp;<\/p>\n<p style=\"text-align: justify;\">El proyecto de torre de oficinas en renta Stern se encuentra ubicado en la entrada del exclusivo fraccionamiento Villas de Irapuato, ofreciendo no solo una excelente vista desde las oficinas, sino adem\u00e1s la conveniencia de estar en un lugar tranquilo con acceso a las principales avenidas de la ciudad y carreteras del corredor industrial m\u00e1s importante del Bajio y Aeropuerto Internacional. \u00a0Teniendo como ciudades vecinas a Le\u00f3n, Guanajuato, Quer\u00e9taro, Silao, Salamanca y Celaya; Irapuato adem\u00e1s esta ubicado entre Guadalajara y el Distrito Federal, siendo esta ciudad un motivante punto estrat\u00e9gico para la ubicaci\u00f3n de oficinas corporativas y la industria.<\/p>\n<p>&nbsp;<\/p>\n<p style=\"text-align: justify;\">Centro Corporativo Stern se encuentra tambi\u00e9n cerca de importantes centros comerciales, reconocidas escuelas y universidades, \u00a0adem\u00e1s del Club de Golf Santa Margarita.<\/p>\n<p style=\"text-align: justify;\">Si desea consultar mayor informaci\u00f3n acerca de Irapuato, de click en la siguiente liga<br \/>\nP\u00e1gina de ayuntamiento de Irapuato \u00a0 <a href=\"http:\/\/www.irapuato.gob.mx\/Negocios\/index.html\">http:\/\/www.irapuato.gob.mx\/Negocios\/index.html<\/a><\/p>\n<p style=\"text-align: justify;\">\u00a0Irapuato se ubica en la parte central del estado de Guanajuato y pr\u00e1cticamente corta en dos el corredor industrial del estado, lugar donde se desarrolla una importante proporci\u00f3n de la actividad econ\u00f3mica de la entidad. Ha mantenido relaciones de intercambio comercial y econ\u00f3mico con el resto de la entidad del pa\u00eds, adem\u00e1s de colocar en los mercados internacionales una importante proporci\u00f3n de su producci\u00f3n, y cuenta con la segunda mayor poblaci\u00f3n por municipio de la entidad.<\/p>\n<p>&nbsp;<\/p>\n<p style=\"text-align: justify;\">La ciudad de Irapuato es un centro natural de negocios y una ciudad apta para el desarrollo de empresas. Su localizaci\u00f3n geogr\u00e1fica, sus v\u00edas de comunicaci\u00f3n, su clima templado, su mano de obra calificada, su comercio y sus servicios lo hacen el EPICENTRO DEL DESARROLLO REGIONAL.<\/p>\n<p>&nbsp;<\/p>\n<p style=\"text-align: justify;\"><strong>El Aeropuerto Internacional del Baj\u00edo se encuentra a tan solo 25 minutos de la ciudad, cuenta con los siguientes destinos:<\/strong><\/p>\n<p style=\"text-align: justify;\"><strong><\/strong><br \/>\n<strong>Nacionales:<\/strong><br \/>\nCd. de M\u00e9xico<br \/>\nMonterrey<br \/>\nTijuana<br \/>\nPuerto Vallarta<br \/>\nCuernavaca<br \/>\nCd. Ju\u00e1rez<br \/>\nAcapulco<\/p>\n<p style=\"text-align: justify;\"><strong>Internacionales:<\/strong><br \/>\nHouston<br \/>\nDallas<br \/>\nChicago<br \/>\nLos \u00c1ngeles<br \/>\nOakland<\/p>\n<p style=\"text-align: justify;\"><strong>Colindancias<\/strong><br \/>\nNorte: Silao, Guanajuato<br \/>\nEste: Salamanca<br \/>\nSur: Abasolo, Pueblo Nuevo<br \/>\nOeste: Romita<br \/>\nTasa de crecimiento poblacional (%) 2.1<br \/>\nFuerza Laboral 182,849<br \/>\nClima Semi c\u00e1lido, sub h\u00famedo con lluvias en verano<br \/>\nAltitud (metros sobre el nivel del mar) 1,730<br \/>\n\u00c1rea (Kil\u00f3metros cuadrados) 808<br \/>\nFuente: CONAPO<br \/>\n<strong>Poblaci\u00f3n \u00a0total en Irapuato Guanajuato<\/strong><br \/>\nTotal 529 440<br \/>\n<strong>Poblaci\u00f3n en Villas de Irapuato<\/strong><br \/>\nTotal 4774 personas<br \/>\n<strong>Fuente: INEGI<\/strong><\/p>\n<p><strong>Distancias de Irapuato a las principales ciudades del pa\u00eds:<\/strong><\/p>\n<p><strong>Distances From Irapuato:<\/strong><\/p>\n<div align=\"center\">\n<table border=\"1\" cellspacing=\"0\" cellpadding=\"0\">\n<tbody>\n<tr>\n<td valign=\"top\" width=\"125\">\n<p align=\"center\">DESTINO\/ TO<\/p>\n<\/td>\n<td valign=\"top\" width=\"120\">\n<p align=\"center\">KIL\u00d3METROS<\/p>\n<\/td>\n<td valign=\"top\" width=\"72\">\n<p align=\"center\">MILES<\/p>\n<\/td>\n<\/tr>\n<tr>\n<td valign=\"top\" width=\"125\">\n<p align=\"center\">Aguascalientes<\/p>\n<\/td>\n<td valign=\"top\" width=\"120\">\n<p align=\"center\">197<\/p>\n<\/td>\n<td valign=\"top\" width=\"72\">\n<p align=\"center\">123<\/p>\n<\/td>\n<\/tr>\n<tr>\n<td valign=\"top\" width=\"125\">\n<p align=\"center\">Quer\u00e9taro<\/p>\n<\/td>\n<td valign=\"top\" width=\"120\">\n<p align=\"center\">112<\/p>\n<\/td>\n<td valign=\"top\" width=\"72\">\n<p align=\"center\">70<\/p>\n<\/td>\n<\/tr>\n<tr>\n<td valign=\"top\" width=\"125\">\n<p align=\"center\">Morelia<\/p>\n<\/td>\n<td valign=\"top\" width=\"120\">\n<p align=\"center\">132<\/p>\n<\/td>\n<td valign=\"top\" width=\"72\">\n<p align=\"center\">82<\/p>\n<\/td>\n<\/tr>\n<tr>\n<td valign=\"top\" width=\"125\">\n<p align=\"center\">Guadalajara<\/p>\n<\/td>\n<td valign=\"top\" width=\"120\">\n<p align=\"center\">269<\/p>\n<\/td>\n<td valign=\"top\" width=\"72\">\n<p align=\"center\">167<\/p>\n<\/td>\n<\/tr>\n<tr>\n<td valign=\"top\" width=\"125\">\n<p align=\"center\">Toluca<\/p>\n<\/td>\n<td valign=\"top\" width=\"120\">\n<p align=\"center\">301<\/p>\n<\/td>\n<td valign=\"top\" width=\"72\">\n<p align=\"center\">187<\/p>\n<\/td>\n<\/tr>\n<tr>\n<td valign=\"top\" width=\"125\">\n<p align=\"center\">M\u00e9xico<\/p>\n<\/td>\n<td valign=\"top\" width=\"120\">\n<p align=\"center\">317<\/p>\n<\/td>\n<td valign=\"top\" width=\"72\">\n<p align=\"center\">197<\/p>\n<\/td>\n<\/tr>\n<tr>\n<td valign=\"top\" width=\"125\">\n<p align=\"center\">Monterrey<\/p>\n<\/td>\n<td valign=\"top\" width=\"120\">\n<p align=\"center\">781<\/p>\n<\/td>\n<td valign=\"top\" width=\"72\">\n<p align=\"center\">485<\/p>\n<\/td>\n<\/tr>\n<tr>\n<td valign=\"top\" width=\"125\">\n<p align=\"center\">Chihuahua<\/p>\n<\/td>\n<td valign=\"top\" width=\"120\">\n<p align=\"center\">1210<\/p>\n<\/td>\n<td valign=\"top\" width=\"72\">\n<p align=\"center\">752<\/p>\n<\/td>\n<\/tr>\n<tr>\n<td valign=\"top\" width=\"125\">\n<p align=\"center\">Mexicali<\/p>\n<\/td>\n<td valign=\"top\" width=\"120\">\n<p align=\"center\">2412<\/p>\n<\/td>\n<td valign=\"top\" width=\"72\">\n<p align=\"center\">1498<\/p>\n<\/td>\n<\/tr>\n<tr>\n<td valign=\"top\" width=\"125\">\n<p align=\"center\">Tijuana<\/p>\n<\/td>\n<td valign=\"top\" width=\"120\">\n<p align=\"center\">2599<\/p>\n<\/td>\n<td valign=\"top\" width=\"72\">\n<p align=\"center\">1614<\/p>\n<\/td>\n<\/tr>\n<\/tbody>\n<\/table>\n<\/div>\n<p>&nbsp;<\/p>\n<p>Distancias de Irapuato a ciudades fronterizas del pa\u00eds:<\/p>\n<p>Distances from Irapuato to Country\u00b4s Borders:<\/p>\n<div align=\"center\">\n<table border=\"1\" cellspacing=\"0\" cellpadding=\"0\">\n<tbody>\n<tr>\n<td valign=\"top\" width=\"89\">\n<p align=\"center\"><strong>DESTINO\/ TO<\/strong><\/p>\n<\/td>\n<td valign=\"top\" width=\"120\">\n<p align=\"center\"><strong>KIL\u00d3METROS<\/strong><\/p>\n<\/td>\n<td valign=\"top\" width=\"84\">\n<p align=\"center\"><strong>MILES<\/strong><\/p>\n<\/td>\n<\/tr>\n<tr>\n<td valign=\"top\" width=\"89\">\n<p align=\"center\">Mc Allen<\/p>\n<\/td>\n<td valign=\"top\" width=\"120\">\n<p align=\"center\">935<\/p>\n<\/td>\n<td valign=\"top\" width=\"84\">\n<p align=\"center\">581<\/p>\n<\/td>\n<\/tr>\n<tr>\n<td valign=\"top\" width=\"89\">\n<p align=\"center\">Laredo<\/p>\n<\/td>\n<td valign=\"top\" width=\"120\">\n<p align=\"center\">1031<\/p>\n<\/td>\n<td valign=\"top\" width=\"84\">\n<p align=\"center\">640<\/p>\n<\/td>\n<\/tr>\n<tr>\n<td valign=\"top\" width=\"89\">\n<p align=\"center\">El Paso<\/p>\n<\/td>\n<td valign=\"top\" width=\"120\">\n<p align=\"center\">1542<\/p>\n<\/td>\n<td valign=\"top\" width=\"84\">\n<p align=\"center\">958<\/p>\n<\/td>\n<\/tr>\n<tr>\n<td valign=\"top\" width=\"89\">\n<p align=\"center\">Tijuana<\/p>\n<\/td>\n<td valign=\"top\" width=\"120\">\n<p align=\"center\">2599<\/p>\n<\/td>\n<td valign=\"top\" width=\"84\">\n<p align=\"center\">1614<\/p>\n<\/td>\n<\/tr>\n<\/tbody>\n<\/table>\n<\/div>\n<p>&nbsp;<\/p>\n<p>Distancias de Irapuato a los principales puertos mar\u00edtimos del pa\u00eds:<\/p>\n<p>Distances from Irapuato to Country\u00b4s seaports.<\/p>\n<div align=\"center\">\n<table border=\"1\" cellspacing=\"0\" cellpadding=\"0\">\n<tbody>\n<tr>\n<td valign=\"top\" width=\"118\">\n<p align=\"center\">DESTINO\/TO<\/p>\n<\/td>\n<td valign=\"top\" width=\"118\">\n<p align=\"center\">KIL\u00d3METROS<\/p>\n<\/td>\n<td valign=\"top\" width=\"118\">\n<p align=\"center\">MILES<\/p>\n<\/td>\n<\/tr>\n<tr>\n<td valign=\"top\" width=\"118\">\n<p align=\"center\">Manzanillo<\/p>\n<\/td>\n<td valign=\"top\" width=\"118\">\n<p align=\"center\">471<\/p>\n<\/td>\n<td valign=\"top\" width=\"118\">\n<p align=\"center\">293<\/p>\n<\/td>\n<\/tr>\n<tr>\n<td valign=\"top\" width=\"118\">\n<p align=\"center\">Tampico<\/p>\n<\/td>\n<td valign=\"top\" width=\"118\">\n<p align=\"center\">668<\/p>\n<\/td>\n<td valign=\"top\" width=\"118\">\n<p align=\"center\">415<\/p>\n<\/td>\n<\/tr>\n<tr>\n<td valign=\"top\" width=\"118\">\n<p align=\"center\">Mazatl\u00e1n<\/p>\n<\/td>\n<td valign=\"top\" width=\"118\">\n<p align=\"center\">769<\/p>\n<\/td>\n<td valign=\"top\" width=\"118\">\n<p align=\"center\">478<\/p>\n<\/td>\n<\/tr>\n<tr>\n<td valign=\"top\" width=\"118\">\n<p align=\"center\">Acapulco<\/p>\n<\/td>\n<td valign=\"top\" width=\"118\">\n<p align=\"center\">712<\/p>\n<\/td>\n<td valign=\"top\" width=\"118\">\n<p align=\"center\">442<\/p>\n<\/td>\n<\/tr>\n<tr>\n<td valign=\"top\" width=\"118\">\n<p align=\"center\">Veracruz<\/p>\n<\/td>\n<td valign=\"top\" width=\"118\">\n<p align=\"center\">719<\/p>\n<\/td>\n<td valign=\"top\" width=\"118\">\n<p align=\"center\">446<\/p>\n<\/td>\n<\/tr>\n<\/tbody>\n<\/table>\n<\/div>\n","protected":false},"excerpt":{"rendered":"<p>Ver Centro Stern, Oficinas en Renta en un mapa ampliado &nbsp; El proyecto de torre de oficinas en renta Stern se encuentra ubicado en la entrada del exclusivo fraccionamiento Villas de Irapuato, ofreciendo no solo una excelente vista desde las oficinas, sino adem\u00e1s la conveniencia de estar en un lugar tranquilo con acceso a las [&hellip;]<\/p>\n","protected":false},"author":1,"featured_media":0,"parent":0,"menu_order":0,"comment_status":"open","ping_status":"closed","template":"","meta":[],"_links":{"self":[{"href":"http:\/\/centrostern.com\/inicio\/wp-json\/wp\/v2\/pages\/118"}],"collection":[{"href":"http:\/\/centrostern.com\/inicio\/wp-json\/wp\/v2\/pages"}],"about":[{"href":"http:\/\/centrostern.com\/inicio\/wp-json\/wp\/v2\/types\/page"}],"author":[{"embeddable":true,"href":"http:\/\/centrostern.com\/inicio\/wp-json\/wp\/v2\/users\/1"}],"replies":[{"embeddable":true,"href":"http:\/\/centrostern.com\/inicio\/wp-json\/wp\/v2\/comments?post=118"}],"version-history":[{"count":50,"href":"http:\/\/centrostern.com\/inicio\/wp-json\/wp\/v2\/pages\/118\/revisions"}],"predecessor-version":[{"id":241,"href":"http:\/\/centrostern.com\/inicio\/wp-json\/wp\/v2\/pages\/118\/revisions\/241"}],"wp:attachment":[{"href":"http:\/\/centrostern.com\/inicio\/wp-json\/wp\/v2\/media?parent=118"}],"curies":[{"name":"wp","href":"https:\/\/api.w.org\/{rel}","templated":true}]}}